{"id":2,"date":"2012-08-12T14:55:27","date_gmt":"2012-08-12T12:55:27","guid":{"rendered":"http:\/\/www.steffenkirchner.de\/blog\/?page_id=2"},"modified":"2012-11-17T00:06:22","modified_gmt":"2012-11-16T23:06:22","slug":"speaker-mentalcoach-steffen-kirchner","status":"publish","type":"page","link":"https:\/\/www.steffenkirchner.de\/blog\/speaker-mentalcoach-steffen-kirchner\/","title":{"rendered":"\u00dcber Steffen Kirchner"},"content":{"rendered":"<p>Steffen Kirchner steht als Pers\u00f6nlichkeit f\u00fcr maximale Leistungsfreude. Er gilt deutschlandweit als Topexperte f\u00fcr Motivation und Spitzenleistung. Einzigartig an ihm ist, dass er als Einziger alle drei Ebenen des Hochleistungssports aus eigener praktischer Erfahrung kennt: als aktiver Sportler, Manager sowie als Trainer &amp; Coach.<\/p>\n<p>Aktiv kommt Steffen Kirchner aus dem Tennis Leistungssport. Bis heute spielt er noch in der Tennis Bundesliga (Herren 30). Au\u00dferdem gewann der studierte Sportmanager mit Mitte 20, als Teil der Gesch\u00e4ftsf\u00fchrung seines Volleyball Bundesliga Clubs, die deutsche Meisterschaft.<br \/>\nHeute gibt er sein Wissen, als gefragter Keynote-Speaker auf gro\u00dfen B\u00fchnen, an zahlreiche Menschen in Unternehmen verschiedenster Branchen weiter. Als Coach betreut er au\u00dferdem viele Profisportler, Teams, Unternehmer aber auch Privatpersonen, um individuelle Potenziale maximal zu entwickeln.<\/p>\n<p>Zu seinen Kunden z\u00e4hlen u.a. Unternehmen wie Siemens, die Deutsche Post AG, VW, Audi, SEAT uvm.. Als Mentalcoach betreute Steffen Kirchner u.a. die Deutsche Turner-Nationalmannschaft um die Superstars Fabian Hamb\u00fcchen und Marcel Nguyen vor und w\u00e4hrend der Olympischen Sommerspiele 2012 in London, sowie Bundesliga-Athleten und Teams verschiedenster Sportarten wie z.B. die K\u00f6lner Haie in der DEL.<br \/>\nAuch an Universit\u00e4ten, Schulen und anderen Bildungseinrichtungen pr\u00e4sentiert er regelm\u00e4\u00dfig ein speziell auf junge Menschen zugeschnittenes Vortragsprogramm.<\/p>\n<p><strong>Weitere Infos: <a href=\"http:\/\/www.steffenkirchner.de\/\" target=\"_blank\">www.steffenkirchner.de<\/a><\/strong><\/p>\n<div style='text-align:left' class='yasr-auto-insert-visitor'><\/div>","protected":false},"excerpt":{"rendered":"<p>Steffen Kirchner steht als Pers\u00f6nlichkeit f\u00fcr maximale Leistungsfreude. Er gilt deutschlandweit als Topexperte f\u00fcr Motivation und Spitzenleistung. Einzigartig an ihm ist, dass er als Einziger alle drei Ebenen des Hochleistungssports aus eigener praktischer Erfahrung kennt: als aktiver Sportler, Manager sowie &hellip; <a href=\"https:\/\/www.steffenkirchner.de\/blog\/speaker-mentalcoach-steffen-kirchner\/\">Weiterlesen <span class=\"meta-nav\">&rarr;<\/span><\/a><\/p>\n","protected":false},"author":1,"featured_media":0,"parent":0,"menu_order":2,"comment_status":"closed","ping_status":"closed","template":"","meta":{"yasr_overall_rating":0,"yasr_post_is_review":"","yasr_auto_insert_disabled":"","yasr_review_type":"","footnotes":""},"class_list":["post-2","page","type-page","status-publish","hentry"],"yasr_visitor_votes":{"stars_attributes":{"read_only":false,"span_bottom":false},"number_of_votes":0,"sum_votes":0},"yoast_head":"<!-- This site is optimized with the Yoast SEO plugin v27.3 - https:\/\/yoast.com\/product\/yoast-seo-wordpress\/ -->\n<title>\u00dcber Steffen Kirchner - Steffen Kirchner Blog<\/title>\n<meta name=\"robots\" content=\"index, follow, max-snippet:-1, max-image-preview:large, max-video-preview:-1\" \/>\n<link rel=\"canonical\" href=\"https:\/\/www.steffenkirchner.de\/blog\/speaker-mentalcoach-steffen-kirchner\/\" \/>\n<meta property=\"og:locale\" content=\"de_DE\" \/>\n<meta property=\"og:type\" content=\"article\" \/>\n<meta property=\"og:title\" content=\"\u00dcber Steffen Kirchner - Steffen Kirchner Blog\" \/>\n<meta property=\"og:description\" content=\"Steffen Kirchner steht als Pers\u00f6nlichkeit f\u00fcr maximale Leistungsfreude. Er gilt deutschlandweit als Topexperte f\u00fcr Motivation und Spitzenleistung. Einzigartig an ihm ist, dass er als Einziger alle drei Ebenen des Hochleistungssports aus eigener praktischer Erfahrung kennt: als aktiver Sportler, Manager sowie &hellip; Weiterlesen &rarr;\" \/>\n<meta property=\"og:url\" content=\"https:\/\/www.steffenkirchner.de\/blog\/speaker-mentalcoach-steffen-kirchner\/\" \/>\n<meta property=\"og:site_name\" content=\"Steffen Kirchner Blog\" \/>\n<meta property=\"article:publisher\" content=\"https:\/\/de-de.facebook.com\/steffenkirchner.de\/\" \/>\n<meta property=\"article:modified_time\" content=\"2012-11-16T23:06:22+00:00\" \/>\n<meta name=\"twitter:label1\" content=\"Gesch\u00e4tzte Lesezeit\" \/>\n\t<meta name=\"twitter:data1\" content=\"1\u00a0Minute\" \/>\n<script type=\"application\/ld+json\" class=\"yoast-schema-graph\">{\"@context\":\"https:\\\/\\\/schema.org\",\"@graph\":[{\"@type\":\"WebPage\",\"@id\":\"https:\\\/\\\/www.steffenkirchner.de\\\/blog\\\/speaker-mentalcoach-steffen-kirchner\\\/\",\"url\":\"https:\\\/\\\/www.steffenkirchner.de\\\/blog\\\/speaker-mentalcoach-steffen-kirchner\\\/\",\"name\":\"\u00dcber Steffen Kirchner - Steffen Kirchner Blog\",\"isPartOf\":{\"@id\":\"https:\\\/\\\/www.steffenkirchner.de\\\/blog\\\/#website\"},\"datePublished\":\"2012-08-12T12:55:27+00:00\",\"dateModified\":\"2012-11-16T23:06:22+00:00\",\"breadcrumb\":{\"@id\":\"https:\\\/\\\/www.steffenkirchner.de\\\/blog\\\/speaker-mentalcoach-steffen-kirchner\\\/#breadcrumb\"},\"inLanguage\":\"de\",\"potentialAction\":[{\"@type\":\"ReadAction\",\"target\":[\"https:\\\/\\\/www.steffenkirchner.de\\\/blog\\\/speaker-mentalcoach-steffen-kirchner\\\/\"]}]},{\"@type\":\"BreadcrumbList\",\"@id\":\"https:\\\/\\\/www.steffenkirchner.de\\\/blog\\\/speaker-mentalcoach-steffen-kirchner\\\/#breadcrumb\",\"itemListElement\":[{\"@type\":\"ListItem\",\"position\":1,\"name\":\"Home\",\"item\":\"https:\\\/\\\/www.steffenkirchner.de\\\/blog\\\/\"},{\"@type\":\"ListItem\",\"position\":2,\"name\":\"\u00dcber Steffen Kirchner\"}]},{\"@type\":\"WebSite\",\"@id\":\"https:\\\/\\\/www.steffenkirchner.de\\\/blog\\\/#website\",\"url\":\"https:\\\/\\\/www.steffenkirchner.de\\\/blog\\\/\",\"name\":\"Steffen Kirchner Blog\",\"description\":\"Aktuelles von Speaker &amp; Motivationstrainer Steffen Kirchner\",\"publisher\":{\"@id\":\"https:\\\/\\\/www.steffenkirchner.de\\\/blog\\\/#\\\/schema\\\/person\\\/8f5fcb3bb099b1ac410606b0d07230d4\"},\"potentialAction\":[{\"@type\":\"SearchAction\",\"target\":{\"@type\":\"EntryPoint\",\"urlTemplate\":\"https:\\\/\\\/www.steffenkirchner.de\\\/blog\\\/?s={search_term_string}\"},\"query-input\":{\"@type\":\"PropertyValueSpecification\",\"valueRequired\":true,\"valueName\":\"search_term_string\"}}],\"inLanguage\":\"de\"},{\"@type\":[\"Person\",\"Organization\"],\"@id\":\"https:\\\/\\\/www.steffenkirchner.de\\\/blog\\\/#\\\/schema\\\/person\\\/8f5fcb3bb099b1ac410606b0d07230d4\",\"name\":\"Steffen Kirchner\",\"image\":{\"@type\":\"ImageObject\",\"inLanguage\":\"de\",\"@id\":\"https:\\\/\\\/secure.gravatar.com\\\/avatar\\\/52970749e4a6e7afe182c48e32de72da8cfc31240b13252cbbe2925b7a4df8a0?s=96&d=mm&r=g\",\"url\":\"https:\\\/\\\/secure.gravatar.com\\\/avatar\\\/52970749e4a6e7afe182c48e32de72da8cfc31240b13252cbbe2925b7a4df8a0?s=96&d=mm&r=g\",\"contentUrl\":\"https:\\\/\\\/secure.gravatar.com\\\/avatar\\\/52970749e4a6e7afe182c48e32de72da8cfc31240b13252cbbe2925b7a4df8a0?s=96&d=mm&r=g\",\"caption\":\"Steffen Kirchner\"},\"logo\":{\"@id\":\"https:\\\/\\\/secure.gravatar.com\\\/avatar\\\/52970749e4a6e7afe182c48e32de72da8cfc31240b13252cbbe2925b7a4df8a0?s=96&d=mm&r=g\"},\"sameAs\":[\"http:\\\/\\\/www.steffenkirchner.de\",\"https:\\\/\\\/de-de.facebook.com\\\/steffenkirchner.de\\\/\",\"https:\\\/\\\/www.instagram.com\\\/steffen.kirchner\\\/channel\\\/?hl=de\",\"https:\\\/\\\/www.linkedin.com\\\/in\\\/steffen-kirchner\\\/?originalSubdomain=de\",\"https:\\\/\\\/www.youtube.com\\\/channel\\\/UCZVCBY3k27CCmKxMNzLtedA\"]},false]}<\/script>\n<!-- \/ Yoast SEO plugin. -->","yoast_head_json":{"title":"\u00dcber Steffen Kirchner - Steffen Kirchner Blog","robots":{"index":"index","follow":"follow","max-snippet":"max-snippet:-1","max-image-preview":"max-image-preview:large","max-video-preview":"max-video-preview:-1"},"canonical":"https:\/\/www.steffenkirchner.de\/blog\/speaker-mentalcoach-steffen-kirchner\/","og_locale":"de_DE","og_type":"article","og_title":"\u00dcber Steffen Kirchner - Steffen Kirchner Blog","og_description":"Steffen Kirchner steht als Pers\u00f6nlichkeit f\u00fcr maximale Leistungsfreude. Er gilt deutschlandweit als Topexperte f\u00fcr Motivation und Spitzenleistung. Einzigartig an ihm ist, dass er als Einziger alle drei Ebenen des Hochleistungssports aus eigener praktischer Erfahrung kennt: als aktiver Sportler, Manager sowie &hellip; Weiterlesen &rarr;","og_url":"https:\/\/www.steffenkirchner.de\/blog\/speaker-mentalcoach-steffen-kirchner\/","og_site_name":"Steffen Kirchner Blog","article_publisher":"https:\/\/de-de.facebook.com\/steffenkirchner.de\/","article_modified_time":"2012-11-16T23:06:22+00:00","twitter_misc":{"Gesch\u00e4tzte Lesezeit":"1\u00a0Minute"},"schema":{"@context":"https:\/\/schema.org","@graph":[{"@type":"WebPage","@id":"https:\/\/www.steffenkirchner.de\/blog\/speaker-mentalcoach-steffen-kirchner\/","url":"https:\/\/www.steffenkirchner.de\/blog\/speaker-mentalcoach-steffen-kirchner\/","name":"\u00dcber Steffen Kirchner - Steffen Kirchner Blog","isPartOf":{"@id":"https:\/\/www.steffenkirchner.de\/blog\/#website"},"datePublished":"2012-08-12T12:55:27+00:00","dateModified":"2012-11-16T23:06:22+00:00","breadcrumb":{"@id":"https:\/\/www.steffenkirchner.de\/blog\/speaker-mentalcoach-steffen-kirchner\/#breadcrumb"},"inLanguage":"de","potentialAction":[{"@type":"ReadAction","target":["https:\/\/www.steffenkirchner.de\/blog\/speaker-mentalcoach-steffen-kirchner\/"]}]},{"@type":"BreadcrumbList","@id":"https:\/\/www.steffenkirchner.de\/blog\/speaker-mentalcoach-steffen-kirchner\/#breadcrumb","itemListElement":[{"@type":"ListItem","position":1,"name":"Home","item":"https:\/\/www.steffenkirchner.de\/blog\/"},{"@type":"ListItem","position":2,"name":"\u00dcber Steffen Kirchner"}]},{"@type":"WebSite","@id":"https:\/\/www.steffenkirchner.de\/blog\/#website","url":"https:\/\/www.steffenkirchner.de\/blog\/","name":"Steffen Kirchner Blog","description":"Aktuelles von Speaker &amp; Motivationstrainer Steffen Kirchner","publisher":{"@id":"https:\/\/www.steffenkirchner.de\/blog\/#\/schema\/person\/8f5fcb3bb099b1ac410606b0d07230d4"},"potentialAction":[{"@type":"SearchAction","target":{"@type":"EntryPoint","urlTemplate":"https:\/\/www.steffenkirchner.de\/blog\/?s={search_term_string}"},"query-input":{"@type":"PropertyValueSpecification","valueRequired":true,"valueName":"search_term_string"}}],"inLanguage":"de"},{"@type":["Person","Organization"],"@id":"https:\/\/www.steffenkirchner.de\/blog\/#\/schema\/person\/8f5fcb3bb099b1ac410606b0d07230d4","name":"Steffen Kirchner","image":{"@type":"ImageObject","inLanguage":"de","@id":"https:\/\/secure.gravatar.com\/avatar\/52970749e4a6e7afe182c48e32de72da8cfc31240b13252cbbe2925b7a4df8a0?s=96&d=mm&r=g","url":"https:\/\/secure.gravatar.com\/avatar\/52970749e4a6e7afe182c48e32de72da8cfc31240b13252cbbe2925b7a4df8a0?s=96&d=mm&r=g","contentUrl":"https:\/\/secure.gravatar.com\/avatar\/52970749e4a6e7afe182c48e32de72da8cfc31240b13252cbbe2925b7a4df8a0?s=96&d=mm&r=g","caption":"Steffen Kirchner"},"logo":{"@id":"https:\/\/secure.gravatar.com\/avatar\/52970749e4a6e7afe182c48e32de72da8cfc31240b13252cbbe2925b7a4df8a0?s=96&d=mm&r=g"},"sameAs":["http:\/\/www.steffenkirchner.de","https:\/\/de-de.facebook.com\/steffenkirchner.de\/","https:\/\/www.instagram.com\/steffen.kirchner\/channel\/?hl=de","https:\/\/www.linkedin.com\/in\/steffen-kirchner\/?originalSubdomain=de","https:\/\/www.youtube.com\/channel\/UCZVCBY3k27CCmKxMNzLtedA"]},false]}},"jetpack_sharing_enabled":true,"jetpack_shortlink":"https:\/\/wp.me\/P4QCGC-2","_links":{"self":[{"href":"https:\/\/www.steffenkirchner.de\/blog\/wp-json\/wp\/v2\/pages\/2","targetHints":{"allow":["GET"]}}],"collection":[{"href":"https:\/\/www.steffenkirchner.de\/blog\/wp-json\/wp\/v2\/pages"}],"about":[{"href":"https:\/\/www.steffenkirchner.de\/blog\/wp-json\/wp\/v2\/types\/page"}],"author":[{"embeddable":true,"href":"https:\/\/www.steffenkirchner.de\/blog\/wp-json\/wp\/v2\/users\/1"}],"replies":[{"embeddable":true,"href":"https:\/\/www.steffenkirchner.de\/blog\/wp-json\/wp\/v2\/comments?post=2"}],"version-history":[{"count":14,"href":"https:\/\/www.steffenkirchner.de\/blog\/wp-json\/wp\/v2\/pages\/2\/revisions"}],"predecessor-version":[{"id":14,"href":"https:\/\/www.steffenkirchner.de\/blog\/wp-json\/wp\/v2\/pages\/2\/revisions\/14"}],"wp:attachment":[{"href":"https:\/\/www.steffenkirchner.de\/blog\/wp-json\/wp\/v2\/media?parent=2"}],"curies":[{"name":"wp","href":"https:\/\/api.w.org\/{rel}","templated":true}]}}